{"id":410,"date":"2025-05-14T09:41:31","date_gmt":"2025-05-14T08:41:31","guid":{"rendered":"https:\/\/candwrsolarfarm.co.uk\/polisi-preifatrwyddprivacy-policy\/"},"modified":"2025-08-14T15:03:21","modified_gmt":"2025-08-14T14:03:21","slug":"polisi-preifatrwydd","status":"publish","type":"page","link":"https:\/\/candwrsolarfarm.co.uk\/cy\/polisi-preifatrwydd\/","title":{"rendered":"Polisi Preifatrwydd"},"content":{"rendered":"\n<h1 class=\"wp-block-heading has-primary-color has-text-color has-link-color wp-elements-0c00c933b161e2cb7b947ff331cae839\">Polisi Preifatrwydd<\/h1>\n\n\n\n<p><\/p>\n\n\n\n<p>Mae Grasshopper Communications wedi ymrwymo i ddiogelu preifatrwydd ein cleientiaid a\u2019r cyhoedd.\u202f\u202fMae gennym weithdrefnau ar waith yn seiliedig ar y Rheoliad Cyffredinol ar Ddiogelu Data Cyffredinol (GDPR) (UE) 2016\/679 ac rydym yn cydymffurfio \u00e2 phob agwedd ar fframwaith deddfwriaethol diogelu data\u2019r DU.\u202f\u202f\u202fMae Grasshopper wedi\u2019i gofrestru gyda Swyddfa\u2019r Comisiynydd Gwybodaeth (ICO) a\u2019n rhif cofrestru yw ZA345016.  <\/p>\n\n\n\n<p>Mae ein polisi preifatrwydd wedi\u2019i bostio ar ein gwefan\u202f<a href=\"https:\/\/grasshopper-comms.co.uk\/\">www.grasshopper-comms.co.uk<\/a>.\u202f\u202fOs hoffech ddysgu rhagor am ein polis\u00efau diogelu data a phreifatrwydd, cysylltwch \u00e2 ni ar (t) 02921 675483 neu (e)\u202f\u202f<a href=\"mailto:hello@grasshopper-comms.co.uk\">hello@grasshopper-comms.co.uk.<\/a>  <\/p>\n\n\n\n<p>Nid ydym yn prosesu unrhyw \u201cddata sensitif\u201d, a bydd y rhan fwyaf o\u2019r data a broseswn eisoes yn gyhoeddus.<\/p>\n\n\n\n<p>Rydym yn defnyddio System Rheoli Cynnwys sy\u2019n cydymffurfio \u00e2 GDPR i storio a rheoli\u2019r holl ddata rhanddeiliaid a gesglir yn ddiogel.\u202f\u202fI gael rhagor o wybodaeth ewch i <a href=\"https:\/\/www.tractivity.co.uk\/\">www.tractivity.co.uk\/<\/a>.  <\/p>\n\n\n\n<p><\/p>\n\n\n\n<hr class=\"wp-block-separator has-alpha-channel-opacity\" style=\"margin-top:var(--wp--preset--spacing--50);margin-bottom:var(--wp--preset--spacing--50)\"\/>\n\n\n\n<p><strong>Bydd Grasshopper Communications yn casglu ac yn prosesu data at y dibenion canlynol:<\/strong><\/p>\n\n\n\n<h3 class=\"wp-block-heading\">Ymgysylltu \u00e2\u2019r Gymuned a Rhanddeiliaid<\/h3>\n\n\n\n<p>Fel rhan o\u2019n hymgyrchoedd\/ymgysylltu \u00e2\u2019r gymuned byddwn yn defnyddio cronfeydd data cyfeiriadau (cyfeiriadau yn unig) i hysbysu trigolion a busnesau lleol am brosiectau datblygu ac adfywio arfaethedig. Byddwn yn prosesu\u2019r data hwn yn seiliedig ar Ofynion Cyfreithiol. Gofynnir am yr ymgynghoriad hwn gan Ddeddf Cynllunio (Cymru) 2016 a Deddf Tai a Chynllunio 2016 (Lloegr).  <\/p>\n\n\n\n<p>Yn rhan o\u2019n hymgysylltu\/ymgyrchoedd cymunedol yn ystod ymgynghoriad statudol ac anstatudol ar gyfer prosiectau datblygu ac adfywio, byddwn yn casglu data (sefydliadau, cyfeiriadau, e-byst, rhifau ff\u00f4n a manylion cyswllt) i greu cronfeydd data rhanddeiliaid o unigolion, busnesau lleol, grwpiau cymunedol, swyddogion etholedig a swyddogion llywodraeth leol sy\u2019n debygol o fod \u00e2 diddordeb yn y prosiectau neu y byddent yn debygol o effeithio arnynt.\u202f\u202fByddwn ni\u2019n casglu\u2019r data hyn o wybodaeth yn y parth cyhoeddus a chwiliadau rhyngrwyd.\u202f\u202fByddwn ni\u2019n prosesu\u2019r data hyn ar sail\u202fBuddiannau Cyfreithlon.  <\/p>\n\n\n\n<ul class=\"wp-block-list\">\n<li>Byddwn ni\u2019n defnyddio\u2019r data hyn dim ond at ddiben hysbysu trigolion lleol a rhanddeiliaid o gynigion datblygu, ymgynghoriadau sydd ar ddod a diweddariadau prosiect.<\/li>\n\n\n\n<li>Byddwn ni\u2019n rhannu\u2019r data hyn \u00e2\u2019n cleientiaid yn unig ac ag unrhyw drydydd parti y mae eu hangen at ddibenion cyflawni gofynion postio.<\/li>\n\n\n\n<li>Yn rhan o\u2019n gweithdrefnau caffael, byddwn ni\u2019n sicrhau bod unrhyw drydydd parti a ddefnyddir ar gyfer cyflawni gofynion postio hefyd yn cydymffurfio \u00e2 GDPR.<\/li>\n\n\n\n<li>Mae gennych yr hawl i\u2019n hysbysu os hoffech gael eich tynnu oddi ar unrhyw bostiadau yn y dyfodol a pheidio \u00e2 derbyn unrhyw ddiweddariadau pellach ar y datblygiadau arfaethedig.<\/li>\n\n\n\n<li>Byddwn ni\u2019n cadw\u2019r data hyn dim ond i ddangos ein bod wedi bodloni gofynion statudol ar gyfer ymgynghori a byddwn ni\u2019n cael gwared ar y data hyn flwyddyn ar \u00f4l i ni ddod i gysylltiad \u00e2\u2019r prosiect.<\/li>\n<\/ul>\n\n\n\n<p><\/p>\n\n\n\n<hr class=\"wp-block-separator has-alpha-channel-opacity\" style=\"margin-top:var(--wp--preset--spacing--50);margin-bottom:var(--wp--preset--spacing--50)\"\/>\n\n\n\n<h3 class=\"wp-block-heading\">Arolygon Rhanddeiliaid a Chymunedau<\/h3>\n\n\n\n<p>Yn rhan o\u2019n rhaglen ymgysylltu \u00e2\u2019r gymuned, efallai y byddwn ni\u2019n defnyddio arolygon i gasglu adborth ar gyfer ein cleientiaid.\u202f\u202fBydd yr arolygon hyn yn wirfoddol a gallant fod yn ddienw os dymunir.\u202f\u202fByddwn ni\u2019n prosesu\u2019r data hyn yn seiliedig ar\u202f<strong>Fuddiant Dilys<\/strong>.   <\/p>\n\n\n\n<ul class=\"wp-block-list\">\n<li>Caiff adroddiadau ymgynghori eu darparu i\u2019n cleientiaid a byddant yn cynnwys crynodebau wedi\u2019u golygu o\u2019r ymatebion hyn i\u2019r arolwg, ni fydd unrhyw ddynodwyr personol wedi eu cynnwys.<\/li>\n\n\n\n<li>Caiff adroddiadau ymgynghori eu cyflwyno yn rhan o\u2019r cais cynllunio ar gyfer y prosiect arfaethedig a byddant ar gael i\u2019r cyhoedd.<\/li>\n\n\n\n<li>Byddwn ni\u2019n manylu ar ddechrau pob arolwg sut y caiff y wybodaeth ei defnyddio yn rhan o\u2019r broses ymgynghori.<\/li>\n<\/ul>\n\n\n\n<p><\/p>\n\n\n\n<hr class=\"wp-block-separator has-alpha-channel-opacity\" style=\"margin-top:var(--wp--preset--spacing--50);margin-bottom:var(--wp--preset--spacing--50)\"\/>\n\n\n\n<h3 class=\"wp-block-heading\">Marchnata Grasshopper <\/h3>\n\n\n\n<p>O bryd i\u2019w gilydd bydd Grasshopper Communications yn anfon diweddariadau, gwahoddiadau i ddigwyddiadau neu gylchlythyrau trwy\u2019r e-bost at y rhai sydd wedi gwneud cais i fod ar ein rhestr bostio.<\/p>\n\n\n\n<ul class=\"wp-block-list\">\n<li>Yn rhan o\u2019n paratoadau ar gyfer cydymffurfio \u00e2 GDPR, rydym wedi cysylltu \u00e2\u2019r rhai ar ein cronfa ddata gyfredol ac wedi cadw\u2019r data dim ond ar gyfer y rhai sydd wedi optio i mewn i dderbyn gwybodaeth gennym.<\/li>\n\n\n\n<li>Byddwn ni\u2019n darparu dolen ddad-danysgrifio ar bob cylchlythyr i roi ffordd hawdd i chi ein hysbysu nad ydych am dderbyn unrhyw wybodaeth bellach.<\/li>\n\n\n\n<li>Mae gennych yr hawl i ofyn i\u2019ch manylion cyswllt gael eu dileu o\u2019n cronfa ddata a byddwn ni\u2019n dileu\u2019ch gwybodaeth ar unwaith.<\/li>\n<\/ul>\n\n\n\n<p><\/p>\n\n\n\n<hr class=\"wp-block-separator has-alpha-channel-opacity\" style=\"margin-top:var(--wp--preset--spacing--50);margin-bottom:var(--wp--preset--spacing--50)\"\/>\n\n\n\n<h3 class=\"wp-block-heading\">Gwybodaeth Cyflogeion a Recriwtio<\/h3>\n\n\n\n<p>Bydd Grasshopper Communications yn prosesu data cyflogeion yn seiliedig ar\u202f<strong>Ofyniad Cyfreithiol a Chydsyniad <\/strong><\/p>\n\n\n\n<ul class=\"wp-block-list\">\n<li>Bydd Grasshopper Communications yn cadw\u2019r holl gofnodion cyfrifyddu am chwe blynedd ar \u00f4l y cyfnod cyfrifyddu y maent yn ymwneud ag ef gan mai dyma ofyniad CThEF ar gyfer TAW a threth gorfforaeth.<\/li>\n\n\n\n<li>Byddwn ni\u2019n cadw data personol am ein cyflogeion yn gyfrinachol a byddwn ni ond yn rhannu data \u00e2 sefydliadau sy\u2019n ofynnol yn \u00f4l y gyfraith (megis CThEF) neu gyda\u2019ch caniat\u00e2d chi (megis darparwyr pensiwn neu drydydd part\u00efon y mae\u2019n ofynnol iddynt brosesu\u2019r gyflogres).<\/li>\n\n\n\n<li>Cedwir cofnodion cyflogeion oddi ar y safle yn swyddfa ein cyfrifydd a dim ond y cyfrifydd a\u2019r Cyfarwyddwyr fydd yn cael mynediad iddynt.<\/li>\n\n\n\n<li>Cedwir yr holl gofnodion person\u00e9l am dair blynedd ar \u00f4l i gyflogai adael ein cyflogaeth yn unol \u00e2 gofynion TWE.<\/li>\n\n\n\n<li>Os ydych wedi cyflwyno\u2019ch CV i\u2019w ystyried ar gyfer r\u00f4l gyda Grasshopper ac nad ydych wedi bod yn llwyddiannus, dim ond am dri mis y byddwn ni\u2019n cadw\u2019r data hyn felly mae croeso i chi ailymgeisio am unrhyw agoriadau yn y dyfodol.<\/li>\n<\/ul>\n\n\n\n<p><\/p>\n\n\n\n<hr class=\"wp-block-separator has-alpha-channel-opacity\" style=\"margin-top:var(--wp--preset--spacing--50);margin-bottom:var(--wp--preset--spacing--50)\"\/>\n\n\n\n<h3 class=\"wp-block-heading\">Ein Diogelwch a\u2019ch Data<\/h3>\n\n\n\n<ul class=\"wp-block-list\">\n<li>Cefnogir ein system gyfrifiadurol gan Orbits IT ac mae disgrifiad o\u2019n systemau TG ar gael ar gais.<\/li>\n\n\n\n<li>Mae pob gliniadur a ddefnyddiwn wedi\u2019i ddiogelu gan gyfrinair.<\/li>\n\n\n\n<li>Bydd unrhyw waith papur cyfrinachol neu waith papur sy\u2019n cynnwys data personol yn cael ei rwygo cyn ei waredu.<\/li>\n\n\n\n<li>Rhoddir gwybod am unrhyw reolau diogelwch a dorrir yn unol \u00e2 pholisi Swyddfa\u2019r Comisiynydd Gwybodaeth (ICO) mewn modd amserol.<\/li>\n\n\n\n<li>Mae gan Grasshopper Communications Ltd Dystysgrif Gofrestru gyda\u2019r ICO, cyfeirnod ZA345016.<\/li>\n<\/ul>\n\n\n\n<p><\/p>\n\n\n\n<hr class=\"wp-block-separator has-alpha-channel-opacity\" style=\"margin-top:var(--wp--preset--spacing--50);margin-bottom:var(--wp--preset--spacing--50)\"\/>\n\n\n\n<h3 class=\"wp-block-heading\">Defnyddio Cwcis<\/h3>\n\n\n\n<p>Caiff ein gwefan ei chynnal gan Squarespace ac mae eu polisi cwcis i\u2019w weld yma:<\/p>\n\n\n\n<p><a href=\"https:\/\/krystal.io\/legal\/privacy-policy\">krystal.io\/legal\/privacy-policy<\/a><\/p>\n\n\n\n<p><strong>Adolygu\u2019r Polisi<\/strong><\/p>\n\n\n\n<ul class=\"wp-block-list\">\n<li>Mae Grasshopper Communications yn ymrwymo i adolygu\u2019r polisi hwn o leiaf unwaith y flwyddyn.<\/li>\n\n\n\n<li>Mae Grasshopper Communications yn ymrwymo i adolygu\u2019r polisi hwn unrhyw bryd y bydd newid yn y ffordd rydyn ni\u2019n gwneud busnes neu newid yn y gyfraith.<\/li>\n<\/ul>\n\n\n\n<p><\/p>\n\n\n\n<hr class=\"wp-block-separator has-alpha-channel-opacity\" style=\"margin-top:var(--wp--preset--spacing--50);margin-bottom:var(--wp--preset--spacing--50)\"\/>\n\n\n\n<h3 class=\"wp-block-heading\">Eich Hawliau<\/h3>\n\n\n\n<p>Mae gennych chi nifer o hawliau o dan y rheoliadau GDPR newydd y gellir eu deall yn well trwy ddarllen canllawiau\u2019r ICO yma: <\/p>\n\n\n\n<p><a href=\"https:\/\/ico.org.uk\/for-organisations\/guide-to-the-general-data-protection-regulation-gdpr\/individual-rights\">https:\/\/ico.org.uk\/for-organisations\/guide-to-the-general-data-protection-regulation-gdpr\/individual-rights<\/a><\/p>\n\n\n\n<ul class=\"wp-block-list\">\n<li>Mae gennych chi\u2019r hawl i gywiro neu ddiweddaru\u2019ch gwybodaeth bersonol a brosesir gan Grasshopper Communications.<\/li>\n\n\n\n<li>Mae gennych chi\u2019r hawl i ofyn i ni\u2019ch hysbysu pa ddata sydd gennym amdanoch.<\/li>\n\n\n\n<li>Mae gennych chi\u2019r hawl i dynnu\u2019n \u00f4l eich caniat\u00e2d i ni ddefnyddio\u2019ch data (pan fo\u2019n berthnasol).<\/li>\n\n\n\n<li>Mae gennych chi\u2019r hawl i gyflwyno cwyn i\u2019r ICO os ydych yn teimlo nad yw eich data wedi\u2019u rheoli\u2019n dda.<\/li>\n<\/ul>\n","protected":false},"excerpt":{"rendered":"<p>Polisi Preifatrwydd Mae Grasshopper Communications wedi ymrwymo i ddiogelu preifatrwydd ein cleientiaid a\u2019r cyhoedd.\u202f\u202fMae gennym weithdrefnau ar waith yn seiliedig ar y Rheoliad Cyffredinol ar Ddiogelu Data Cyffredinol (GDPR) (UE) 2016\/679 ac rydym yn cydymffurfio \u00e2 phob agwedd ar fframwaith deddfwriaethol diogelu data\u2019r DU.\u202f\u202f\u202fMae Grasshopper wedi\u2019i gofrestru gyda Swyddfa\u2019r Comisiynydd Gwybodaeth (ICO) a\u2019n rhif cofrestru [&hellip;]<\/p>\n","protected":false},"author":1,"featured_media":0,"parent":0,"menu_order":0,"comment_status":"closed","ping_status":"open","template":"","meta":{"_acf_changed":false,"_kd_krb_map_marker":[],"footnotes":""},"class_list":["post-410","page","type-page","status-publish","hentry"],"map_marker":"","acf":[],"yoast_head":"<!-- This site is optimized with the Yoast SEO plugin v27.5 - https:\/\/yoast.com\/product\/yoast-seo-wordpress\/ -->\n<title>Polisi Preifatrwydd - Candwr Solar Farm<\/title>\n<meta name=\"robots\" content=\"index, follow, max-snippet:-1, max-image-preview:large, max-video-preview:-1\" \/>\n<link rel=\"canonical\" href=\"https:\/\/candwrsolarfarm.co.uk\/cy\/polisi-preifatrwydd\/\" \/>\n<meta property=\"og:locale\" content=\"cy_GB\" \/>\n<meta property=\"og:type\" content=\"article\" \/>\n<meta property=\"og:title\" content=\"Polisi Preifatrwydd - Candwr Solar Farm\" \/>\n<meta property=\"og:description\" content=\"Polisi Preifatrwydd Mae Grasshopper Communications wedi ymrwymo i ddiogelu preifatrwydd ein cleientiaid a\u2019r cyhoedd.\u202f\u202fMae gennym weithdrefnau ar waith yn seiliedig ar y Rheoliad Cyffredinol ar Ddiogelu Data Cyffredinol (GDPR) (UE) 2016\/679 ac rydym yn cydymffurfio \u00e2 phob agwedd ar fframwaith deddfwriaethol diogelu data\u2019r DU.\u202f\u202f\u202fMae Grasshopper wedi\u2019i gofrestru gyda Swyddfa\u2019r Comisiynydd Gwybodaeth (ICO) a\u2019n rhif cofrestru [&hellip;]\" \/>\n<meta property=\"og:url\" content=\"https:\/\/candwrsolarfarm.co.uk\/cy\/polisi-preifatrwydd\/\" \/>\n<meta property=\"og:site_name\" content=\"Candwr Solar Farm\" \/>\n<meta property=\"article:modified_time\" content=\"2025-08-14T14:03:21+00:00\" \/>\n<meta name=\"twitter:card\" content=\"summary_large_image\" \/>\n<meta name=\"twitter:label1\" content=\"Est. reading time\" \/>\n\t<meta name=\"twitter:data1\" content=\"5 minutes\" \/>\n<script type=\"application\/ld+json\" class=\"yoast-schema-graph\">{\"@context\":\"https:\\\/\\\/schema.org\",\"@graph\":[{\"@type\":\"WebPage\",\"@id\":\"https:\\\/\\\/candwrsolarfarm.co.uk\\\/cy\\\/polisi-preifatrwydd\\\/\",\"url\":\"https:\\\/\\\/candwrsolarfarm.co.uk\\\/cy\\\/polisi-preifatrwydd\\\/\",\"name\":\"Polisi Preifatrwydd - Candwr Solar Farm\",\"isPartOf\":{\"@id\":\"https:\\\/\\\/candwrsolarfarm.co.uk\\\/cy\\\/#website\"},\"datePublished\":\"2025-05-14T08:41:31+00:00\",\"dateModified\":\"2025-08-14T14:03:21+00:00\",\"breadcrumb\":{\"@id\":\"https:\\\/\\\/candwrsolarfarm.co.uk\\\/cy\\\/polisi-preifatrwydd\\\/#breadcrumb\"},\"inLanguage\":\"cy-GB\",\"potentialAction\":[{\"@type\":\"ReadAction\",\"target\":[\"https:\\\/\\\/candwrsolarfarm.co.uk\\\/cy\\\/polisi-preifatrwydd\\\/\"]}]},{\"@type\":\"BreadcrumbList\",\"@id\":\"https:\\\/\\\/candwrsolarfarm.co.uk\\\/cy\\\/polisi-preifatrwydd\\\/#breadcrumb\",\"itemListElement\":[{\"@type\":\"ListItem\",\"position\":1,\"name\":\"Home\",\"item\":\"https:\\\/\\\/candwrsolarfarm.co.uk\\\/cy\\\/\"},{\"@type\":\"ListItem\",\"position\":2,\"name\":\"Polisi Preifatrwydd\"}]},{\"@type\":\"WebSite\",\"@id\":\"https:\\\/\\\/candwrsolarfarm.co.uk\\\/cy\\\/#website\",\"url\":\"https:\\\/\\\/candwrsolarfarm.co.uk\\\/cy\\\/\",\"name\":\"Candwr Solar Farm\",\"description\":\"\",\"publisher\":{\"@id\":\"https:\\\/\\\/candwrsolarfarm.co.uk\\\/cy\\\/#organization\"},\"potentialAction\":[{\"@type\":\"SearchAction\",\"target\":{\"@type\":\"EntryPoint\",\"urlTemplate\":\"https:\\\/\\\/candwrsolarfarm.co.uk\\\/cy\\\/?s={search_term_string}\"},\"query-input\":{\"@type\":\"PropertyValueSpecification\",\"valueRequired\":true,\"valueName\":\"search_term_string\"}}],\"inLanguage\":\"cy-GB\"},{\"@type\":\"Organization\",\"@id\":\"https:\\\/\\\/candwrsolarfarm.co.uk\\\/cy\\\/#organization\",\"name\":\"Candwr Solar Farm\",\"url\":\"https:\\\/\\\/candwrsolarfarm.co.uk\\\/cy\\\/\",\"logo\":{\"@type\":\"ImageObject\",\"inLanguage\":\"cy-GB\",\"@id\":\"https:\\\/\\\/candwrsolarfarm.co.uk\\\/cy\\\/#\\\/schema\\\/logo\\\/image\\\/\",\"url\":\"https:\\\/\\\/candwrsolarfarm.co.uk\\\/wp-content\\\/uploads\\\/2025\\\/05\\\/totalenergies-logo-1.png\",\"contentUrl\":\"https:\\\/\\\/candwrsolarfarm.co.uk\\\/wp-content\\\/uploads\\\/2025\\\/05\\\/totalenergies-logo-1.png\",\"width\":254,\"height\":189,\"caption\":\"Candwr Solar Farm\"},\"image\":{\"@id\":\"https:\\\/\\\/candwrsolarfarm.co.uk\\\/cy\\\/#\\\/schema\\\/logo\\\/image\\\/\"}}]}<\/script>\n<!-- \/ Yoast SEO plugin. -->","yoast_head_json":{"title":"Polisi Preifatrwydd - Candwr Solar Farm","robots":{"index":"index","follow":"follow","max-snippet":"max-snippet:-1","max-image-preview":"max-image-preview:large","max-video-preview":"max-video-preview:-1"},"canonical":"https:\/\/candwrsolarfarm.co.uk\/cy\/polisi-preifatrwydd\/","og_locale":"cy_GB","og_type":"article","og_title":"Polisi Preifatrwydd - Candwr Solar Farm","og_description":"Polisi Preifatrwydd Mae Grasshopper Communications wedi ymrwymo i ddiogelu preifatrwydd ein cleientiaid a\u2019r cyhoedd.\u202f\u202fMae gennym weithdrefnau ar waith yn seiliedig ar y Rheoliad Cyffredinol ar Ddiogelu Data Cyffredinol (GDPR) (UE) 2016\/679 ac rydym yn cydymffurfio \u00e2 phob agwedd ar fframwaith deddfwriaethol diogelu data\u2019r DU.\u202f\u202f\u202fMae Grasshopper wedi\u2019i gofrestru gyda Swyddfa\u2019r Comisiynydd Gwybodaeth (ICO) a\u2019n rhif cofrestru [&hellip;]","og_url":"https:\/\/candwrsolarfarm.co.uk\/cy\/polisi-preifatrwydd\/","og_site_name":"Candwr Solar Farm","article_modified_time":"2025-08-14T14:03:21+00:00","twitter_card":"summary_large_image","twitter_misc":{"Est. reading time":"5 minutes"},"schema":{"@context":"https:\/\/schema.org","@graph":[{"@type":"WebPage","@id":"https:\/\/candwrsolarfarm.co.uk\/cy\/polisi-preifatrwydd\/","url":"https:\/\/candwrsolarfarm.co.uk\/cy\/polisi-preifatrwydd\/","name":"Polisi Preifatrwydd - Candwr Solar Farm","isPartOf":{"@id":"https:\/\/candwrsolarfarm.co.uk\/cy\/#website"},"datePublished":"2025-05-14T08:41:31+00:00","dateModified":"2025-08-14T14:03:21+00:00","breadcrumb":{"@id":"https:\/\/candwrsolarfarm.co.uk\/cy\/polisi-preifatrwydd\/#breadcrumb"},"inLanguage":"cy-GB","potentialAction":[{"@type":"ReadAction","target":["https:\/\/candwrsolarfarm.co.uk\/cy\/polisi-preifatrwydd\/"]}]},{"@type":"BreadcrumbList","@id":"https:\/\/candwrsolarfarm.co.uk\/cy\/polisi-preifatrwydd\/#breadcrumb","itemListElement":[{"@type":"ListItem","position":1,"name":"Home","item":"https:\/\/candwrsolarfarm.co.uk\/cy\/"},{"@type":"ListItem","position":2,"name":"Polisi Preifatrwydd"}]},{"@type":"WebSite","@id":"https:\/\/candwrsolarfarm.co.uk\/cy\/#website","url":"https:\/\/candwrsolarfarm.co.uk\/cy\/","name":"Candwr Solar Farm","description":"","publisher":{"@id":"https:\/\/candwrsolarfarm.co.uk\/cy\/#organization"},"potentialAction":[{"@type":"SearchAction","target":{"@type":"EntryPoint","urlTemplate":"https:\/\/candwrsolarfarm.co.uk\/cy\/?s={search_term_string}"},"query-input":{"@type":"PropertyValueSpecification","valueRequired":true,"valueName":"search_term_string"}}],"inLanguage":"cy-GB"},{"@type":"Organization","@id":"https:\/\/candwrsolarfarm.co.uk\/cy\/#organization","name":"Candwr Solar Farm","url":"https:\/\/candwrsolarfarm.co.uk\/cy\/","logo":{"@type":"ImageObject","inLanguage":"cy-GB","@id":"https:\/\/candwrsolarfarm.co.uk\/cy\/#\/schema\/logo\/image\/","url":"https:\/\/candwrsolarfarm.co.uk\/wp-content\/uploads\/2025\/05\/totalenergies-logo-1.png","contentUrl":"https:\/\/candwrsolarfarm.co.uk\/wp-content\/uploads\/2025\/05\/totalenergies-logo-1.png","width":254,"height":189,"caption":"Candwr Solar Farm"},"image":{"@id":"https:\/\/candwrsolarfarm.co.uk\/cy\/#\/schema\/logo\/image\/"}}]}},"_links":{"self":[{"href":"https:\/\/candwrsolarfarm.co.uk\/cy\/wp-json\/wp\/v2\/pages\/410","targetHints":{"allow":["GET"]}}],"collection":[{"href":"https:\/\/candwrsolarfarm.co.uk\/cy\/wp-json\/wp\/v2\/pages"}],"about":[{"href":"https:\/\/candwrsolarfarm.co.uk\/cy\/wp-json\/wp\/v2\/types\/page"}],"author":[{"embeddable":true,"href":"https:\/\/candwrsolarfarm.co.uk\/cy\/wp-json\/wp\/v2\/users\/1"}],"replies":[{"embeddable":true,"href":"https:\/\/candwrsolarfarm.co.uk\/cy\/wp-json\/wp\/v2\/comments?post=410"}],"version-history":[{"count":3,"href":"https:\/\/candwrsolarfarm.co.uk\/cy\/wp-json\/wp\/v2\/pages\/410\/revisions"}],"predecessor-version":[{"id":414,"href":"https:\/\/candwrsolarfarm.co.uk\/cy\/wp-json\/wp\/v2\/pages\/410\/revisions\/414"}],"wp:attachment":[{"href":"https:\/\/candwrsolarfarm.co.uk\/cy\/wp-json\/wp\/v2\/media?parent=410"}],"curies":[{"name":"wp","href":"https:\/\/api.w.org\/{rel}","templated":true}]}}